{"id":144,"date":"2023-02-08T21:39:48","date_gmt":"2023-02-08T21:39:48","guid":{"rendered":"https:\/\/banksmp.com.br\/?page_id=144"},"modified":"2024-09-10T13:29:31","modified_gmt":"2024-09-10T13:29:31","slug":"suporte","status":"publish","type":"page","link":"https:\/\/smp-pay.com.br\/?page_id=144","title":{"rendered":"Suporte"},"content":{"rendered":"\t\t<div data-elementor-type=\"wp-page\" data-elementor-id=\"144\" class=\"elementor elementor-144\">\n\t\t\t\t<div class=\"elementor-element elementor-element-36388fb9 e-flex e-con-boxed e-con e-parent\" data-id=\"36388fb9\" data-element_type=\"container\">\n\t\t\t\t\t<div class=\"e-con-inner\">\n\t\t\t\t<div class=\"elementor-element elementor-element-1f072ecd elementor-widget elementor-widget-text-editor\" data-id=\"1f072ecd\" data-element_type=\"widget\" data-widget_type=\"text-editor.default\">\n\t\t\t\t<div class=\"elementor-widget-container\">\n\t\t\t<style>\/*! elementor - v3.23.0 - 05-08-2024 *\/\n.elementor-widget-text-editor.elementor-drop-cap-view-stacked .elementor-drop-cap{background-color:#69727d;color:#fff}.elementor-widget-text-editor.elementor-drop-cap-view-framed .elementor-drop-cap{color:#69727d;border:3px solid;background-color:transparent}.elementor-widget-text-editor:not(.elementor-drop-cap-view-default) .elementor-drop-cap{margin-top:8px}.elementor-widget-text-editor:not(.elementor-drop-cap-view-default) .elementor-drop-cap-letter{width:1em;height:1em}.elementor-widget-text-editor .elementor-drop-cap{float:left;text-align:center;line-height:1;font-size:50px}.elementor-widget-text-editor .elementor-drop-cap-letter{display:inline-block}<\/style>\t\t\t\t<p><!-- wp:paragraph --><\/p>\n<p>Para entrar em contato com a nossa equipe de suporte, favor preencher os dados abaixo com uma descri\u00e7\u00e3o detalhada da sua situa\u00e7\u00e3o.<\/p>\n<p><!-- \/wp:paragraph --><\/p>\n<p><!-- wp:spacer {\"height\":\"20px\"} --><\/p>\n<div style=\"height:20px\" aria-hidden=\"true\" class=\"wp-block-spacer\"><\/div>\n<p><!-- \/wp:spacer --><\/p>\n<p><!-- wp:html --><\/p>\n<div class=\"pipedriveWebForms\" data-pd-webforms=\"https:\/\/webforms.pipedrive.com\/f\/1HIVcmOe2kmJU5g8zUVhs6rRd6BDlpugbENG4U1KZn5D62UxbrcYoUzteBmhkHh9V\"><script src=\"https:\/\/webforms.pipedrive.com\/f\/loader\"><\/script><\/div>\n<p><!-- \/wp:html --><\/p>\n<p><!-- wp:spacer {\"height\":\"70px\"} --><\/p>\n<div style=\"height:70px\" aria-hidden=\"true\" class=\"wp-block-spacer\"><\/div>\n<p><!-- \/wp:spacer --><\/p>\n<p><!-- wp:paragraph {\"style\":{\"elements\":{\"link\":{\"color\":{\"text\":\"var:preset|color|vivid-cyan-blue\"}}}}} --><\/p>\n<p class=\"has-link-color\">Se voc\u00ea estiver com problemas para fazer login ou se n\u00e3o tiver uma conta no SMP-PAY, entre em contato conosco em <a href=\"mailto:contato@banksmp.com.br\">contato@smp-pay.com.br<\/a>.<\/p>\n<p><!-- \/wp:paragraph --><\/p>\t\t\t\t\t\t<\/div>\n\t\t\t\t<\/div>\n\t\t\t\t\t<\/div>\n\t\t\t\t<\/div>\n\t\t\t\t<\/div>\n\t\t","protected":false},"excerpt":{"rendered":"<p>Para entrar em contato com a nossa equipe de suporte, favor preencher os dados abaixo com uma descri\u00e7\u00e3o detalhada da sua situa\u00e7\u00e3o. Se voc\u00ea estiver com problemas para fazer login ou se n\u00e3o tiver uma conta no SMP-PAY, entre em contato conosco em contato@smp-pay.com.br.<\/p>\n","protected":false},"author":2,"featured_media":0,"parent":0,"menu_order":0,"comment_status":"closed","ping_status":"closed","template":"","meta":{"footnotes":""},"class_list":["post-144","page","type-page","status-publish","hentry"],"yoast_head":"<!-- This site is optimized with the Yoast SEO plugin v23.4 - https:\/\/yoast.com\/wordpress\/plugins\/seo\/ -->\n<title>Suporte - SMP-PAY<\/title>\n<meta name=\"robots\" content=\"index, follow, max-snippet:-1, max-image-preview:large, max-video-preview:-1\" \/>\n<link rel=\"canonical\" href=\"https:\/\/smp-pay.com.br\/?page_id=144\" \/>\n<meta property=\"og:locale\" content=\"pt_BR\" \/>\n<meta property=\"og:type\" content=\"article\" \/>\n<meta property=\"og:title\" content=\"Suporte - SMP-PAY\" \/>\n<meta property=\"og:description\" content=\"Para entrar em contato com a nossa equipe de suporte, favor preencher os dados abaixo com uma descri\u00e7\u00e3o detalhada da sua situa\u00e7\u00e3o. Se voc\u00ea estiver com problemas para fazer login ou se n\u00e3o tiver uma conta no SMP-PAY, entre em contato conosco em contato@smp-pay.com.br.\" \/>\n<meta property=\"og:url\" content=\"https:\/\/smp-pay.com.br\/?page_id=144\" \/>\n<meta property=\"og:site_name\" content=\"SMP-PAY\" \/>\n<meta property=\"article:modified_time\" content=\"2024-09-10T13:29:31+00:00\" \/>\n<meta name=\"twitter:card\" content=\"summary_large_image\" \/>\n<meta name=\"twitter:label1\" content=\"Est. tempo de leitura\" \/>\n\t<meta name=\"twitter:data1\" content=\"1 minuto\" \/>\n<script type=\"application\/ld+json\" class=\"yoast-schema-graph\">{\"@context\":\"https:\/\/schema.org\",\"@graph\":[{\"@type\":\"WebPage\",\"@id\":\"https:\/\/smp-pay.com.br\/?page_id=144\",\"url\":\"https:\/\/smp-pay.com.br\/?page_id=144\",\"name\":\"Suporte - SMP-PAY\",\"isPartOf\":{\"@id\":\"https:\/\/smp-pay.com.br\/#website\"},\"datePublished\":\"2023-02-08T21:39:48+00:00\",\"dateModified\":\"2024-09-10T13:29:31+00:00\",\"breadcrumb\":{\"@id\":\"https:\/\/smp-pay.com.br\/?page_id=144#breadcrumb\"},\"inLanguage\":\"pt-BR\",\"potentialAction\":[{\"@type\":\"ReadAction\",\"target\":[\"https:\/\/smp-pay.com.br\/?page_id=144\"]}]},{\"@type\":\"BreadcrumbList\",\"@id\":\"https:\/\/smp-pay.com.br\/?page_id=144#breadcrumb\",\"itemListElement\":[{\"@type\":\"ListItem\",\"position\":1,\"name\":\"In\u00edcio\",\"item\":\"https:\/\/smp-pay.com.br\/\"},{\"@type\":\"ListItem\",\"position\":2,\"name\":\"Suporte\"}]},{\"@type\":\"WebSite\",\"@id\":\"https:\/\/smp-pay.com.br\/#website\",\"url\":\"https:\/\/smp-pay.com.br\/\",\"name\":\"SMP-PAY\",\"description\":\"Fa\u00e7a como as empresas dominantes e conte com um time de experts do mercado financeiro.\",\"potentialAction\":[{\"@type\":\"SearchAction\",\"target\":{\"@type\":\"EntryPoint\",\"urlTemplate\":\"https:\/\/smp-pay.com.br\/?s={search_term_string}\"},\"query-input\":{\"@type\":\"PropertyValueSpecification\",\"valueRequired\":true,\"valueName\":\"search_term_string\"}}],\"inLanguage\":\"pt-BR\"}]}<\/script>\n<!-- \/ Yoast SEO plugin. -->","yoast_head_json":{"title":"Suporte - SMP-PAY","robots":{"index":"index","follow":"follow","max-snippet":"max-snippet:-1","max-image-preview":"max-image-preview:large","max-video-preview":"max-video-preview:-1"},"canonical":"https:\/\/smp-pay.com.br\/?page_id=144","og_locale":"pt_BR","og_type":"article","og_title":"Suporte - SMP-PAY","og_description":"Para entrar em contato com a nossa equipe de suporte, favor preencher os dados abaixo com uma descri\u00e7\u00e3o detalhada da sua situa\u00e7\u00e3o. Se voc\u00ea estiver com problemas para fazer login ou se n\u00e3o tiver uma conta no SMP-PAY, entre em contato conosco em contato@smp-pay.com.br.","og_url":"https:\/\/smp-pay.com.br\/?page_id=144","og_site_name":"SMP-PAY","article_modified_time":"2024-09-10T13:29:31+00:00","twitter_card":"summary_large_image","twitter_misc":{"Est. tempo de leitura":"1 minuto"},"schema":{"@context":"https:\/\/schema.org","@graph":[{"@type":"WebPage","@id":"https:\/\/smp-pay.com.br\/?page_id=144","url":"https:\/\/smp-pay.com.br\/?page_id=144","name":"Suporte - SMP-PAY","isPartOf":{"@id":"https:\/\/smp-pay.com.br\/#website"},"datePublished":"2023-02-08T21:39:48+00:00","dateModified":"2024-09-10T13:29:31+00:00","breadcrumb":{"@id":"https:\/\/smp-pay.com.br\/?page_id=144#breadcrumb"},"inLanguage":"pt-BR","potentialAction":[{"@type":"ReadAction","target":["https:\/\/smp-pay.com.br\/?page_id=144"]}]},{"@type":"BreadcrumbList","@id":"https:\/\/smp-pay.com.br\/?page_id=144#breadcrumb","itemListElement":[{"@type":"ListItem","position":1,"name":"In\u00edcio","item":"https:\/\/smp-pay.com.br\/"},{"@type":"ListItem","position":2,"name":"Suporte"}]},{"@type":"WebSite","@id":"https:\/\/smp-pay.com.br\/#website","url":"https:\/\/smp-pay.com.br\/","name":"SMP-PAY","description":"Fa\u00e7a como as empresas dominantes e conte com um time de experts do mercado financeiro.","potentialAction":[{"@type":"SearchAction","target":{"@type":"EntryPoint","urlTemplate":"https:\/\/smp-pay.com.br\/?s={search_term_string}"},"query-input":{"@type":"PropertyValueSpecification","valueRequired":true,"valueName":"search_term_string"}}],"inLanguage":"pt-BR"}]}},"_links":{"self":[{"href":"https:\/\/smp-pay.com.br\/index.php?rest_route=\/wp\/v2\/pages\/144","targetHints":{"allow":["GET"]}}],"collection":[{"href":"https:\/\/smp-pay.com.br\/index.php?rest_route=\/wp\/v2\/pages"}],"about":[{"href":"https:\/\/smp-pay.com.br\/index.php?rest_route=\/wp\/v2\/types\/page"}],"author":[{"embeddable":true,"href":"https:\/\/smp-pay.com.br\/index.php?rest_route=\/wp\/v2\/users\/2"}],"replies":[{"embeddable":true,"href":"https:\/\/smp-pay.com.br\/index.php?rest_route=%2Fwp%2Fv2%2Fcomments&post=144"}],"version-history":[{"count":5,"href":"https:\/\/smp-pay.com.br\/index.php?rest_route=\/wp\/v2\/pages\/144\/revisions"}],"predecessor-version":[{"id":282,"href":"https:\/\/smp-pay.com.br\/index.php?rest_route=\/wp\/v2\/pages\/144\/revisions\/282"}],"wp:attachment":[{"href":"https:\/\/smp-pay.com.br\/index.php?rest_route=%2Fwp%2Fv2%2Fmedia&parent=144"}],"curies":[{"name":"wp","href":"https:\/\/api.w.org\/{rel}","templated":true}]}}