{"id":184,"date":"2023-04-01T13:29:52","date_gmt":"2023-04-01T13:29:52","guid":{"rendered":"https:\/\/banksmp.com.br\/?page_id=184"},"modified":"2023-04-01T13:29:52","modified_gmt":"2023-04-01T13:29:52","slug":"pessoa-juridica","status":"publish","type":"page","link":"https:\/\/smp-pay.com.br\/?page_id=184","title":{"rendered":"Pessoa Jur\u00eddica"},"content":{"rendered":"\n<p>Preencha o formul\u00e1rio abaixo. Em at\u00e9 24 horas nossa equipe entrar\u00e1 em contato.<\/p>\n\n\n\n<div class=\"pipedriveWebForms\" data-pd-webforms=\"https:\/\/webforms.pipedrive.com\/f\/1DYMhMAPV356v6on9z3ZoEtGd0TZ4HZrDTjwPIPU9ahRxN8FZqRsXlyXkd1Kvx3iz\"><script src=\"https:\/\/webforms.pipedrive.com\/f\/loader\"><\/script><\/div>\n\n\n\n<p><\/p>\n","protected":false},"excerpt":{"rendered":"<p>Preencha o formul\u00e1rio abaixo. Em at\u00e9 24 horas nossa equipe entrar\u00e1 em contato.<\/p>\n","protected":false},"author":2,"featured_media":0,"parent":0,"menu_order":0,"comment_status":"closed","ping_status":"closed","template":"","meta":{"footnotes":""},"class_list":["post-184","page","type-page","status-publish","hentry"],"yoast_head":"<!-- This site is optimized with the Yoast SEO plugin v23.4 - https:\/\/yoast.com\/wordpress\/plugins\/seo\/ -->\n<title>Pessoa Jur\u00eddica - SMP-PAY<\/title>\n<meta name=\"robots\" content=\"index, follow, max-snippet:-1, max-image-preview:large, max-video-preview:-1\" \/>\n<link rel=\"canonical\" href=\"https:\/\/smp-pay.com.br\/?page_id=184\" \/>\n<meta property=\"og:locale\" content=\"pt_BR\" \/>\n<meta property=\"og:type\" content=\"article\" \/>\n<meta property=\"og:title\" content=\"Pessoa Jur\u00eddica - SMP-PAY\" \/>\n<meta property=\"og:description\" content=\"Preencha o formul\u00e1rio abaixo. Em at\u00e9 24 horas nossa equipe entrar\u00e1 em contato.\" \/>\n<meta property=\"og:url\" content=\"https:\/\/smp-pay.com.br\/?page_id=184\" \/>\n<meta property=\"og:site_name\" content=\"SMP-PAY\" \/>\n<meta name=\"twitter:card\" content=\"summary_large_image\" \/>\n<script type=\"application\/ld+json\" class=\"yoast-schema-graph\">{\"@context\":\"https:\/\/schema.org\",\"@graph\":[{\"@type\":\"WebPage\",\"@id\":\"https:\/\/smp-pay.com.br\/?page_id=184\",\"url\":\"https:\/\/smp-pay.com.br\/?page_id=184\",\"name\":\"Pessoa Jur\u00eddica - SMP-PAY\",\"isPartOf\":{\"@id\":\"https:\/\/smp-pay.com.br\/#website\"},\"datePublished\":\"2023-04-01T13:29:52+00:00\",\"dateModified\":\"2023-04-01T13:29:52+00:00\",\"breadcrumb\":{\"@id\":\"https:\/\/smp-pay.com.br\/?page_id=184#breadcrumb\"},\"inLanguage\":\"pt-BR\",\"potentialAction\":[{\"@type\":\"ReadAction\",\"target\":[\"https:\/\/smp-pay.com.br\/?page_id=184\"]}]},{\"@type\":\"BreadcrumbList\",\"@id\":\"https:\/\/smp-pay.com.br\/?page_id=184#breadcrumb\",\"itemListElement\":[{\"@type\":\"ListItem\",\"position\":1,\"name\":\"In\u00edcio\",\"item\":\"https:\/\/smp-pay.com.br\/\"},{\"@type\":\"ListItem\",\"position\":2,\"name\":\"Pessoa Jur\u00eddica\"}]},{\"@type\":\"WebSite\",\"@id\":\"https:\/\/smp-pay.com.br\/#website\",\"url\":\"https:\/\/smp-pay.com.br\/\",\"name\":\"SMP-PAY\",\"description\":\"Fa\u00e7a como as empresas dominantes e conte com um time de experts do mercado financeiro.\",\"potentialAction\":[{\"@type\":\"SearchAction\",\"target\":{\"@type\":\"EntryPoint\",\"urlTemplate\":\"https:\/\/smp-pay.com.br\/?s={search_term_string}\"},\"query-input\":{\"@type\":\"PropertyValueSpecification\",\"valueRequired\":true,\"valueName\":\"search_term_string\"}}],\"inLanguage\":\"pt-BR\"}]}<\/script>\n<!-- \/ Yoast SEO plugin. -->","yoast_head_json":{"title":"Pessoa Jur\u00eddica - SMP-PAY","robots":{"index":"index","follow":"follow","max-snippet":"max-snippet:-1","max-image-preview":"max-image-preview:large","max-video-preview":"max-video-preview:-1"},"canonical":"https:\/\/smp-pay.com.br\/?page_id=184","og_locale":"pt_BR","og_type":"article","og_title":"Pessoa Jur\u00eddica - SMP-PAY","og_description":"Preencha o formul\u00e1rio abaixo. Em at\u00e9 24 horas nossa equipe entrar\u00e1 em contato.","og_url":"https:\/\/smp-pay.com.br\/?page_id=184","og_site_name":"SMP-PAY","twitter_card":"summary_large_image","schema":{"@context":"https:\/\/schema.org","@graph":[{"@type":"WebPage","@id":"https:\/\/smp-pay.com.br\/?page_id=184","url":"https:\/\/smp-pay.com.br\/?page_id=184","name":"Pessoa Jur\u00eddica - SMP-PAY","isPartOf":{"@id":"https:\/\/smp-pay.com.br\/#website"},"datePublished":"2023-04-01T13:29:52+00:00","dateModified":"2023-04-01T13:29:52+00:00","breadcrumb":{"@id":"https:\/\/smp-pay.com.br\/?page_id=184#breadcrumb"},"inLanguage":"pt-BR","potentialAction":[{"@type":"ReadAction","target":["https:\/\/smp-pay.com.br\/?page_id=184"]}]},{"@type":"BreadcrumbList","@id":"https:\/\/smp-pay.com.br\/?page_id=184#breadcrumb","itemListElement":[{"@type":"ListItem","position":1,"name":"In\u00edcio","item":"https:\/\/smp-pay.com.br\/"},{"@type":"ListItem","position":2,"name":"Pessoa Jur\u00eddica"}]},{"@type":"WebSite","@id":"https:\/\/smp-pay.com.br\/#website","url":"https:\/\/smp-pay.com.br\/","name":"SMP-PAY","description":"Fa\u00e7a como as empresas dominantes e conte com um time de experts do mercado financeiro.","potentialAction":[{"@type":"SearchAction","target":{"@type":"EntryPoint","urlTemplate":"https:\/\/smp-pay.com.br\/?s={search_term_string}"},"query-input":{"@type":"PropertyValueSpecification","valueRequired":true,"valueName":"search_term_string"}}],"inLanguage":"pt-BR"}]}},"_links":{"self":[{"href":"https:\/\/smp-pay.com.br\/index.php?rest_route=\/wp\/v2\/pages\/184","targetHints":{"allow":["GET"]}}],"collection":[{"href":"https:\/\/smp-pay.com.br\/index.php?rest_route=\/wp\/v2\/pages"}],"about":[{"href":"https:\/\/smp-pay.com.br\/index.php?rest_route=\/wp\/v2\/types\/page"}],"author":[{"embeddable":true,"href":"https:\/\/smp-pay.com.br\/index.php?rest_route=\/wp\/v2\/users\/2"}],"replies":[{"embeddable":true,"href":"https:\/\/smp-pay.com.br\/index.php?rest_route=%2Fwp%2Fv2%2Fcomments&post=184"}],"version-history":[{"count":0,"href":"https:\/\/smp-pay.com.br\/index.php?rest_route=\/wp\/v2\/pages\/184\/revisions"}],"wp:attachment":[{"href":"https:\/\/smp-pay.com.br\/index.php?rest_route=%2Fwp%2Fv2%2Fmedia&parent=184"}],"curies":[{"name":"wp","href":"https:\/\/api.w.org\/{rel}","templated":true}]}}